{"id":1464,"date":"2023-08-03T10:53:02","date_gmt":"2023-08-03T10:53:02","guid":{"rendered":"https:\/\/oejenpleje.dk\/?post_type=product&#038;p=1464"},"modified":"2026-02-25T15:52:40","modified_gmt":"2026-02-25T15:52:40","slug":"hylo-gel-oejendraaber","status":"publish","type":"product","link":"https:\/\/oejenpleje.dk\/index.php\/vare\/hylo-gel-oejendraaber\/","title":{"rendered":"Hylo-Gel \u00f8jendr\u00e5ber"},"content":{"rendered":"<h3 data-start=\"493\" data-end=\"511\">Produktfordele<\/h3>\n<ul data-start=\"512\" data-end=\"1573\">\n<li data-start=\"512\" data-end=\"671\">\n<p data-start=\"514\" data-end=\"671\"><strong data-start=\"514\" data-end=\"537\">Hylo-Gel \u00f8jendr\u00e5ber<\/strong> er udviklet til dig, der oplever mere vedvarende t\u00f8rhedsfornemmelse i \u00f8jnene og har behov for en mere visk\u00f8s og langvarig fugtfilm.<\/p>\n<\/li>\n<li data-start=\"672\" data-end=\"797\">\n<p data-start=\"674\" data-end=\"797\">N\u00e5r \u00f8jne eller kontaktlinser f\u00f8les t\u00f8rre, kan Hylo-Gel anvendes for hurtigt at opn\u00e5 en behagelig og sm\u00f8rende fornemmelse.<\/p>\n<\/li>\n<li data-start=\"798\" data-end=\"906\">\n<p data-start=\"800\" data-end=\"906\">\u00d8jendr\u00e5berne er <strong data-start=\"816\" data-end=\"847\">fri for konserveringsmidler<\/strong> og kan anvendes sammen med <strong data-start=\"875\" data-end=\"903\">alle typer kontaktlinser<\/strong>.<\/p>\n<\/li>\n<li data-start=\"907\" data-end=\"1128\">\n<p data-start=\"909\" data-end=\"1128\">Hylo-Gel indeholder <strong data-start=\"929\" data-end=\"945\">hyaluronsyre<\/strong>, som findes naturligt i \u00f8jet og bidrager til at binde fugt og danne en stabil, sm\u00f8rende film p\u00e5 \u00f8jets overflade. Dette \u00f8ger komforten og hj\u00e6lper med at reducere f\u00f8lelsen af t\u00f8rhed.<\/p>\n<\/li>\n<li data-start=\"1129\" data-end=\"1291\">\n<p data-start=\"1131\" data-end=\"1291\">Produktet indeholder ogs\u00e5 <strong data-start=\"1157\" data-end=\"1186\">dexpanthenol (vitamin B5)<\/strong>, som er kendt for sine plejende egenskaber og bidrager til at underst\u00f8tte \u00f8jets naturlige fugtbalance.<\/p>\n<\/li>\n<li data-start=\"1292\" data-end=\"1392\">\n<p data-start=\"1294\" data-end=\"1392\">\u00d8jendr\u00e5berne leveres i en <strong data-start=\"1320\" data-end=\"1355\">bl\u00f8d og praktisk flaske \u00e1 10 ml<\/strong>, som er nem at have med p\u00e5 farten.<\/p>\n<\/li>\n<li data-start=\"1393\" data-end=\"1445\">\n<p data-start=\"1395\" data-end=\"1445\">Flasken indeholder minimum <strong data-start=\"1422\" data-end=\"1442\">300 doser\/dr\u00e5ber<\/strong>.<\/p>\n<\/li>\n<li data-start=\"1446\" data-end=\"1508\">\n<p data-start=\"1448\" data-end=\"1508\"><strong data-start=\"1448\" data-end=\"1471\">Hylo-Gel \u00f8jendr\u00e5ber<\/strong> er <strong data-start=\"1475\" data-end=\"1505\">CE-m\u00e6rket medicinsk udstyr<\/strong>.<\/p>\n<\/li>\n<li data-start=\"1509\" data-end=\"1573\">\n<p data-start=\"1511\" data-end=\"1573\">L\u00e6s mere om t\u00f8rre \u00f8jne i vores <a href=\"https:\/\/oejenpleje.dk\/index.php\/oejenpleje-videncenter\/\"><strong data-start=\"1542\" data-end=\"1572\">videncenter for t\u00f8rre \u00f8jne<\/strong><\/a>.<\/p>\n<\/li>\n<\/ul>\n","protected":false},"excerpt":{"rendered":"<p data-start=\"199\" data-end=\"326\"><strong data-start=\"199\" data-end=\"222\">Hylo-Gel \u00f8jendr\u00e5ber<\/strong> er intensivt sm\u00f8rende \u00f8jendr\u00e5ber, der er velegnede ved <strong data-start=\"278\" data-end=\"325\">moderate og vedvarende gener med t\u00f8rre \u00f8jne<\/strong>.<\/p>\n<p data-start=\"328\" data-end=\"486\">\u00d8jendr\u00e5berne er udviklet til at give ekstra fugt og komfort til \u00f8jne, der ofte f\u00f8les t\u00f8rre eller belastede, herunder hos personer, der anvender kontaktlinser.<\/p>\n","protected":false},"featured_media":5072,"comment_status":"open","ping_status":"closed","template":"","meta":[],"product_brand":[],"product_cat":[24,40,64,70,37],"product_tag":[82,76],"class_list":{"0":"post-1464","1":"product","2":"type-product","3":"status-publish","4":"has-post-thumbnail","6":"product_cat-alle-produkter","7":"product_cat-oejendraaber","8":"product_cat-oejensalve-gel","9":"product_cat-rindende-oejne","10":"product_cat-toerre-oejne-produkter","11":"product_tag-rindende-oejensalve","12":"product_tag-toerre-oejensalve","14":"first","15":"instock","16":"taxable","17":"shipping-taxable","18":"purchasable","19":"product-type-simple"},"bundled_by":[],"bundle_stock_status":"instock","bundle_stock_quantity":15,"bundle_virtual":false,"bundle_layout":"","bundle_add_to_cart_form_location":"","bundle_editable_in_cart":false,"bundle_sold_individually_context":"","bundle_item_grouping":"","bundle_min_size":"","bundle_max_size":"","bundle_price":[],"bundled_items":[],"bundle_sell_ids":[],"yoast_head":"<!-- This site is optimized with the Yoast SEO plugin v27.5 - https:\/\/yoast.com\/product\/yoast-seo-wordpress\/ -->\n<title>Hylo-Gel \u00f8jendr\u00e5ber - Oejenpleje<\/title>\n<meta name=\"description\" content=\"Hylo-Gel \u00f8jendr\u00e5ber er intensivt sm\u00f8rende \u00f8jendr\u00e5ber til moderate t\u00f8rre \u00f8jne. \u00d8jendr\u00e5ber til vedvarende gener. Udviklet til kontaktlinser.\" \/>\n<meta name=\"robots\" content=\"index, follow, max-snippet:-1, max-image-preview:large, max-video-preview:-1\" \/>\n<link rel=\"canonical\" href=\"https:\/\/oejenpleje.dk\/index.php\/vare\/hylo-gel-oejendraaber\/\" \/>\n<meta property=\"og:locale\" content=\"da_DK\" \/>\n<meta property=\"og:type\" content=\"article\" \/>\n<meta property=\"og:title\" content=\"Hylo-Gel \u00f8jendr\u00e5ber - Oejenpleje\" \/>\n<meta property=\"og:description\" content=\"Hylo-Gel \u00f8jendr\u00e5ber er intensivt sm\u00f8rende \u00f8jendr\u00e5ber til moderate t\u00f8rre \u00f8jne. \u00d8jendr\u00e5ber til vedvarende gener. Udviklet til kontaktlinser.\" \/>\n<meta property=\"og:url\" content=\"https:\/\/oejenpleje.dk\/index.php\/vare\/hylo-gel-oejendraaber\/\" \/>\n<meta property=\"og:site_name\" content=\"Oejenpleje\" \/>\n<meta property=\"article:publisher\" content=\"https:\/\/www.facebook.com\/people\/jenpleje\/61555165692988\/\" \/>\n<meta property=\"article:modified_time\" content=\"2026-02-25T15:52:40+00:00\" \/>\n<meta property=\"og:image\" content=\"https:\/\/oejenpleje.dk\/wp-content\/uploads\/2024\/10\/ursa_ps_3d_hylo_gel_fin_fs_rgb_2407.png?wsr\" \/>\n\t<meta property=\"og:image:width\" content=\"800\" \/>\n\t<meta property=\"og:image:height\" content=\"800\" \/>\n\t<meta property=\"og:image:type\" content=\"image\/png\" \/>\n<meta name=\"twitter:card\" content=\"summary_large_image\" \/>\n<meta name=\"twitter:label1\" content=\"Estimeret l\u00e6setid\" \/>\n\t<meta name=\"twitter:data1\" content=\"2 minutter\" \/>\n<script type=\"application\/ld+json\" class=\"yoast-schema-graph\">{\"@context\":\"https:\\\/\\\/schema.org\",\"@graph\":[{\"@type\":\"WebPage\",\"@id\":\"https:\\\/\\\/oejenpleje.dk\\\/index.php\\\/vare\\\/hylo-gel-oejendraaber\\\/\",\"url\":\"https:\\\/\\\/oejenpleje.dk\\\/index.php\\\/vare\\\/hylo-gel-oejendraaber\\\/\",\"name\":\"Hylo-Gel \u00f8jendr\u00e5ber - Oejenpleje\",\"isPartOf\":{\"@id\":\"https:\\\/\\\/oejenpleje.dk\\\/#website\"},\"primaryImageOfPage\":{\"@id\":\"https:\\\/\\\/oejenpleje.dk\\\/index.php\\\/vare\\\/hylo-gel-oejendraaber\\\/#primaryimage\"},\"image\":{\"@id\":\"https:\\\/\\\/oejenpleje.dk\\\/index.php\\\/vare\\\/hylo-gel-oejendraaber\\\/#primaryimage\"},\"thumbnailUrl\":\"https:\\\/\\\/oejenpleje.dk\\\/wp-content\\\/uploads\\\/2024\\\/10\\\/ursa_ps_3d_hylo_gel_fin_fs_rgb_2407.png?wsr\",\"datePublished\":\"2023-08-03T10:53:02+00:00\",\"dateModified\":\"2026-02-25T15:52:40+00:00\",\"description\":\"Hylo-Gel \u00f8jendr\u00e5ber er intensivt sm\u00f8rende \u00f8jendr\u00e5ber til moderate t\u00f8rre \u00f8jne. \u00d8jendr\u00e5ber til vedvarende gener. Udviklet til kontaktlinser.\",\"breadcrumb\":{\"@id\":\"https:\\\/\\\/oejenpleje.dk\\\/index.php\\\/vare\\\/hylo-gel-oejendraaber\\\/#breadcrumb\"},\"inLanguage\":\"da-DK\",\"potentialAction\":[{\"@type\":\"ReadAction\",\"target\":[\"https:\\\/\\\/oejenpleje.dk\\\/index.php\\\/vare\\\/hylo-gel-oejendraaber\\\/\"]}]},{\"@type\":\"ImageObject\",\"inLanguage\":\"da-DK\",\"@id\":\"https:\\\/\\\/oejenpleje.dk\\\/index.php\\\/vare\\\/hylo-gel-oejendraaber\\\/#primaryimage\",\"url\":\"https:\\\/\\\/oejenpleje.dk\\\/wp-content\\\/uploads\\\/2024\\\/10\\\/ursa_ps_3d_hylo_gel_fin_fs_rgb_2407.png?wsr\",\"contentUrl\":\"https:\\\/\\\/oejenpleje.dk\\\/wp-content\\\/uploads\\\/2024\\\/10\\\/ursa_ps_3d_hylo_gel_fin_fs_rgb_2407.png?wsr\",\"width\":800,\"height\":800},{\"@type\":\"BreadcrumbList\",\"@id\":\"https:\\\/\\\/oejenpleje.dk\\\/index.php\\\/vare\\\/hylo-gel-oejendraaber\\\/#breadcrumb\",\"itemListElement\":[{\"@type\":\"ListItem\",\"position\":1,\"name\":\"Hjem\",\"item\":\"https:\\\/\\\/oejenpleje.dk\\\/\"},{\"@type\":\"ListItem\",\"position\":2,\"name\":\"Shop\",\"item\":\"https:\\\/\\\/oejenpleje.dk\\\/?page_id=159\"},{\"@type\":\"ListItem\",\"position\":3,\"name\":\"Hylo-Gel \u00f8jendr\u00e5ber\"}]},{\"@type\":\"WebSite\",\"@id\":\"https:\\\/\\\/oejenpleje.dk\\\/#website\",\"url\":\"https:\\\/\\\/oejenpleje.dk\\\/\",\"name\":\"Oejenpleje\",\"description\":\"\",\"publisher\":{\"@id\":\"https:\\\/\\\/oejenpleje.dk\\\/#organization\"},\"potentialAction\":[{\"@type\":\"SearchAction\",\"target\":{\"@type\":\"EntryPoint\",\"urlTemplate\":\"https:\\\/\\\/oejenpleje.dk\\\/?s={search_term_string}\"},\"query-input\":{\"@type\":\"PropertyValueSpecification\",\"valueRequired\":true,\"valueName\":\"search_term_string\"}}],\"inLanguage\":\"da-DK\"},{\"@type\":\"Organization\",\"@id\":\"https:\\\/\\\/oejenpleje.dk\\\/#organization\",\"name\":\"\u00d8jenpleje\",\"url\":\"https:\\\/\\\/oejenpleje.dk\\\/\",\"logo\":{\"@type\":\"ImageObject\",\"inLanguage\":\"da-DK\",\"@id\":\"https:\\\/\\\/oejenpleje.dk\\\/#\\\/schema\\\/logo\\\/image\\\/\",\"url\":\"https:\\\/\\\/oejenpleje.dk\\\/wp-content\\\/uploads\\\/2023\\\/01\\\/oejenpleje-logo.png?wsr\",\"contentUrl\":\"https:\\\/\\\/oejenpleje.dk\\\/wp-content\\\/uploads\\\/2023\\\/01\\\/oejenpleje-logo.png?wsr\",\"width\":1500,\"height\":326,\"caption\":\"\u00d8jenpleje\"},\"image\":{\"@id\":\"https:\\\/\\\/oejenpleje.dk\\\/#\\\/schema\\\/logo\\\/image\\\/\"},\"sameAs\":[\"https:\\\/\\\/www.facebook.com\\\/people\\\/jenpleje\\\/61555165692988\\\/\"]}]}<\/script>\n<!-- \/ Yoast SEO plugin. -->","yoast_head_json":{"title":"Hylo-Gel \u00f8jendr\u00e5ber - Oejenpleje","description":"Hylo-Gel \u00f8jendr\u00e5ber er intensivt sm\u00f8rende \u00f8jendr\u00e5ber til moderate t\u00f8rre \u00f8jne. \u00d8jendr\u00e5ber til vedvarende gener. Udviklet til kontaktlinser.","robots":{"index":"index","follow":"follow","max-snippet":"max-snippet:-1","max-image-preview":"max-image-preview:large","max-video-preview":"max-video-preview:-1"},"canonical":"https:\/\/oejenpleje.dk\/index.php\/vare\/hylo-gel-oejendraaber\/","og_locale":"da_DK","og_type":"article","og_title":"Hylo-Gel \u00f8jendr\u00e5ber - Oejenpleje","og_description":"Hylo-Gel \u00f8jendr\u00e5ber er intensivt sm\u00f8rende \u00f8jendr\u00e5ber til moderate t\u00f8rre \u00f8jne. \u00d8jendr\u00e5ber til vedvarende gener. Udviklet til kontaktlinser.","og_url":"https:\/\/oejenpleje.dk\/index.php\/vare\/hylo-gel-oejendraaber\/","og_site_name":"Oejenpleje","article_publisher":"https:\/\/www.facebook.com\/people\/jenpleje\/61555165692988\/","article_modified_time":"2026-02-25T15:52:40+00:00","og_image":[{"width":800,"height":800,"url":"https:\/\/oejenpleje.dk\/wp-content\/uploads\/2024\/10\/ursa_ps_3d_hylo_gel_fin_fs_rgb_2407.png?wsr","type":"image\/png"}],"twitter_card":"summary_large_image","twitter_misc":{"Estimeret l\u00e6setid":"2 minutter"},"schema":{"@context":"https:\/\/schema.org","@graph":[{"@type":"WebPage","@id":"https:\/\/oejenpleje.dk\/index.php\/vare\/hylo-gel-oejendraaber\/","url":"https:\/\/oejenpleje.dk\/index.php\/vare\/hylo-gel-oejendraaber\/","name":"Hylo-Gel \u00f8jendr\u00e5ber - Oejenpleje","isPartOf":{"@id":"https:\/\/oejenpleje.dk\/#website"},"primaryImageOfPage":{"@id":"https:\/\/oejenpleje.dk\/index.php\/vare\/hylo-gel-oejendraaber\/#primaryimage"},"image":{"@id":"https:\/\/oejenpleje.dk\/index.php\/vare\/hylo-gel-oejendraaber\/#primaryimage"},"thumbnailUrl":"https:\/\/oejenpleje.dk\/wp-content\/uploads\/2024\/10\/ursa_ps_3d_hylo_gel_fin_fs_rgb_2407.png?wsr","datePublished":"2023-08-03T10:53:02+00:00","dateModified":"2026-02-25T15:52:40+00:00","description":"Hylo-Gel \u00f8jendr\u00e5ber er intensivt sm\u00f8rende \u00f8jendr\u00e5ber til moderate t\u00f8rre \u00f8jne. \u00d8jendr\u00e5ber til vedvarende gener. Udviklet til kontaktlinser.","breadcrumb":{"@id":"https:\/\/oejenpleje.dk\/index.php\/vare\/hylo-gel-oejendraaber\/#breadcrumb"},"inLanguage":"da-DK","potentialAction":[{"@type":"ReadAction","target":["https:\/\/oejenpleje.dk\/index.php\/vare\/hylo-gel-oejendraaber\/"]}]},{"@type":"ImageObject","inLanguage":"da-DK","@id":"https:\/\/oejenpleje.dk\/index.php\/vare\/hylo-gel-oejendraaber\/#primaryimage","url":"https:\/\/oejenpleje.dk\/wp-content\/uploads\/2024\/10\/ursa_ps_3d_hylo_gel_fin_fs_rgb_2407.png?wsr","contentUrl":"https:\/\/oejenpleje.dk\/wp-content\/uploads\/2024\/10\/ursa_ps_3d_hylo_gel_fin_fs_rgb_2407.png?wsr","width":800,"height":800},{"@type":"BreadcrumbList","@id":"https:\/\/oejenpleje.dk\/index.php\/vare\/hylo-gel-oejendraaber\/#breadcrumb","itemListElement":[{"@type":"ListItem","position":1,"name":"Hjem","item":"https:\/\/oejenpleje.dk\/"},{"@type":"ListItem","position":2,"name":"Shop","item":"https:\/\/oejenpleje.dk\/?page_id=159"},{"@type":"ListItem","position":3,"name":"Hylo-Gel \u00f8jendr\u00e5ber"}]},{"@type":"WebSite","@id":"https:\/\/oejenpleje.dk\/#website","url":"https:\/\/oejenpleje.dk\/","name":"Oejenpleje","description":"","publisher":{"@id":"https:\/\/oejenpleje.dk\/#organization"},"potentialAction":[{"@type":"SearchAction","target":{"@type":"EntryPoint","urlTemplate":"https:\/\/oejenpleje.dk\/?s={search_term_string}"},"query-input":{"@type":"PropertyValueSpecification","valueRequired":true,"valueName":"search_term_string"}}],"inLanguage":"da-DK"},{"@type":"Organization","@id":"https:\/\/oejenpleje.dk\/#organization","name":"\u00d8jenpleje","url":"https:\/\/oejenpleje.dk\/","logo":{"@type":"ImageObject","inLanguage":"da-DK","@id":"https:\/\/oejenpleje.dk\/#\/schema\/logo\/image\/","url":"https:\/\/oejenpleje.dk\/wp-content\/uploads\/2023\/01\/oejenpleje-logo.png?wsr","contentUrl":"https:\/\/oejenpleje.dk\/wp-content\/uploads\/2023\/01\/oejenpleje-logo.png?wsr","width":1500,"height":326,"caption":"\u00d8jenpleje"},"image":{"@id":"https:\/\/oejenpleje.dk\/#\/schema\/logo\/image\/"},"sameAs":["https:\/\/www.facebook.com\/people\/jenpleje\/61555165692988\/"]}]}},"jetpack_sharing_enabled":true,"_links":{"self":[{"href":"https:\/\/oejenpleje.dk\/index.php\/wp-json\/wp\/v2\/product\/1464","targetHints":{"allow":["GET"]}}],"collection":[{"href":"https:\/\/oejenpleje.dk\/index.php\/wp-json\/wp\/v2\/product"}],"about":[{"href":"https:\/\/oejenpleje.dk\/index.php\/wp-json\/wp\/v2\/types\/product"}],"replies":[{"embeddable":true,"href":"https:\/\/oejenpleje.dk\/index.php\/wp-json\/wp\/v2\/comments?post=1464"}],"wp:featuredmedia":[{"embeddable":true,"href":"https:\/\/oejenpleje.dk\/index.php\/wp-json\/wp\/v2\/media\/5072"}],"wp:attachment":[{"href":"https:\/\/oejenpleje.dk\/index.php\/wp-json\/wp\/v2\/media?parent=1464"}],"wp:term":[{"taxonomy":"product_brand","embeddable":true,"href":"https:\/\/oejenpleje.dk\/index.php\/wp-json\/wp\/v2\/product_brand?post=1464"},{"taxonomy":"product_cat","embeddable":true,"href":"https:\/\/oejenpleje.dk\/index.php\/wp-json\/wp\/v2\/product_cat?post=1464"},{"taxonomy":"product_tag","embeddable":true,"href":"https:\/\/oejenpleje.dk\/index.php\/wp-json\/wp\/v2\/product_tag?post=1464"}],"curies":[{"name":"wp","href":"https:\/\/api.w.org\/{rel}","templated":true}]}}